{"id":50,"date":"2024-06-14T09:03:37","date_gmt":"2024-06-14T09:03:37","guid":{"rendered":"https:\/\/nokipoika.com\/?page_id=50"},"modified":"2024-07-15T11:35:11","modified_gmt":"2024-07-15T11:35:11","slug":"maut","status":"publish","type":"page","link":"https:\/\/nokipoika.com\/?page_id=50","title":{"rendered":"Maut"},"content":{"rendered":"\n\n\t\t\t\t<img loading=\"lazy\" decoding=\"async\" src=\"https:\/\/nokipoika.com\/wp-content\/uploads\/2024\/07\/jaatelokuva.png\" alt=\"ja\u0308a\u0308telo\u0308kuva\" itemprop=\"image\" height=\"1025\" width=\"949\" title=\"ja\u0308a\u0308telo\u0308kuva\" onerror=\"this.style.display='none'\"  \/>\n<h2>\n\t\tNokipoka original\n\t<\/h2>\n\t<p>Nokipoika Original -j\u00e4\u00e4tel\u00f6 on suunniteltu seikkailijoille, jotka haluavat kokea jotain uutta ja ainutlaatuista. T\u00e4m\u00e4 j\u00e4\u00e4tel\u00f6 on saanut inspiraationsa elementeist\u00e4 joita savupiippujen nuohoojat arvostavat &#8211; savusta, kek\u00e4leist\u00e4 ja tuhkasta &#8211; tarjoten sinulle makuel\u00e4myksen, joka her\u00e4tt\u00e4\u00e4 aistisi ja valloittaa makumaailmasi.<\/p>\n<p>Savu ilmenee j\u00e4\u00e4tel\u00f6ss\u00e4 pehmein\u00e4, harmaans\u00e4vyisin\u00e4 salmiakkipy\u00f6rtein\u00e4, jotka kietoutuvat herkullisesti makujen ymp\u00e4rille. Kek\u00e4leit\u00e4 kuvaa auringossa kypsyneet tyrnimarjat, tuoden esiin raikkaan ja aurinkoisen vivahteen. Tuhkasta muistuttaa suolainen salmiakkirouhe, joka t\u00e4ydent\u00e4\u00e4 kokonaisuuden.<\/p>\n<h2>\n\t\tKuuma pes\u00e4\n\t<\/h2>\n\t<p>Kuuma Pes\u00e4 on kunnianosoitus niille, jotka ty\u00f6skentelev\u00e4t kuumien tulipesien \u00e4\u00e4rell\u00e4.<\/p>\n<p>J\u00e4\u00e4tel\u00f6ss\u00e4 on mansikkapohja, joka edustaa kuumien kek\u00e4leiden hehkua ja suomalaisen lakkahillon py\u00f6rre symboloi kipin\u00f6it\u00e4. Hienoinen chili antaa j\u00e4\u00e4tel\u00f6lle l\u00e4mmitt\u00e4v\u00e4n j\u00e4lkimaun, joka her\u00e4tt\u00e4\u00e4 makuaistisi eloon.<\/p>\n<h2>\n\t\tSutarin suukko\n\t<\/h2>\n\t<p>Nokipoika Sutarin Suukko on kunnianosoitus asiakkaillemme, jotka ovat meille kuin kuninkaita ja kuningattaria ja ansaitsevat suukon k\u00e4mmenselk\u00e4\u00e4n.<\/p>\n<p>J\u00e4\u00e4tel\u00f6ss\u00e4mme karpaloswirlin raikkaus ja lakritsipalan intensiivisyys sulautuvat yhteen samettisessa suklaapohjassa, muodostaen Sutarin suukon &#8211; makuel\u00e4myksen, joka ansaitsee kunnioitusta ja kiitosta.<\/p>\n\n","protected":false},"excerpt":{"rendered":"<p>Nokipoka original Nokipoika Original -j\u00e4\u00e4tel\u00f6 on suunniteltu seikkailijoille, jotka haluavat kokea jotain uutta ja ainutlaatuista. T\u00e4m\u00e4 j\u00e4\u00e4tel\u00f6 on saanut inspiraationsa elementeist\u00e4 joita savupiippujen nuohoojat arvostavat &#8211; savusta, kek\u00e4leist\u00e4 ja tuhkasta &#8211; tarjoten sinulle makuel\u00e4myksen, joka her\u00e4tt\u00e4\u00e4 aistisi ja valloittaa makumaailmasi. Savu ilmenee j\u00e4\u00e4tel\u00f6ss\u00e4 pehmein\u00e4, harmaans\u00e4vyisin\u00e4 salmiakkipy\u00f6rtein\u00e4, jotka kietoutuvat herkullisesti makujen ymp\u00e4rille. Kek\u00e4leit\u00e4 kuvaa auringossa kypsyneet&hellip;<\/p>\n","protected":false},"author":1,"featured_media":0,"parent":0,"menu_order":0,"comment_status":"closed","ping_status":"closed","template":"","meta":{"footnotes":""},"class_list":["post-50","page","type-page","status-publish","hentry"],"_links":{"self":[{"href":"https:\/\/nokipoika.com\/index.php?rest_route=\/wp\/v2\/pages\/50","targetHints":{"allow":["GET"]}}],"collection":[{"href":"https:\/\/nokipoika.com\/index.php?rest_route=\/wp\/v2\/pages"}],"about":[{"href":"https:\/\/nokipoika.com\/index.php?rest_route=\/wp\/v2\/types\/page"}],"author":[{"embeddable":true,"href":"https:\/\/nokipoika.com\/index.php?rest_route=\/wp\/v2\/users\/1"}],"replies":[{"embeddable":true,"href":"https:\/\/nokipoika.com\/index.php?rest_route=%2Fwp%2Fv2%2Fcomments&post=50"}],"version-history":[{"count":9,"href":"https:\/\/nokipoika.com\/index.php?rest_route=\/wp\/v2\/pages\/50\/revisions"}],"predecessor-version":[{"id":108,"href":"https:\/\/nokipoika.com\/index.php?rest_route=\/wp\/v2\/pages\/50\/revisions\/108"}],"wp:attachment":[{"href":"https:\/\/nokipoika.com\/index.php?rest_route=%2Fwp%2Fv2%2Fmedia&parent=50"}],"curies":[{"name":"wp","href":"https:\/\/api.w.org\/{rel}","templated":true}]}}