{"id":44,"date":"2024-05-27T11:34:52","date_gmt":"2024-05-27T11:34:52","guid":{"rendered":"https:\/\/nokipoika.com\/?page_id=44"},"modified":"2024-06-20T08:12:46","modified_gmt":"2024-06-20T08:12:46","slug":"tarina","status":"publish","type":"page","link":"https:\/\/nokipoika.com\/?page_id=44","title":{"rendered":"Tarina"},"content":{"rendered":"\n\n\t<h3>Mieleen ja makuaistiin painuvat ideat vaativat synty\u00e4kseen oikean hetken ja oikean paikan sek\u00e4 samanmielisten innovatiivisten yst\u00e4vysten avoimen vuorovaikutuksen. N\u00e4ist\u00e4 aineksista on saanut alkunsa my\u00f6s ainutlaatuiset Nokipoika-j\u00e4\u00e4tel\u00f6t, joissa j\u00e4\u00e4n kylmyys ja liekkien kuumuus sulautuvat yhteen herkulliseksi hekumaksi.<\/h3>\n\t\t\t\t<img decoding=\"async\" src=\"https:\/\/nokipoika.com\/wp-content\/uploads\/2024\/06\/NH-LehtimakiKesa_8-scaled.jpg\" alt=\"NH-Lehtima\u0308kiKesa\u0308_8\" itemprop=\"image\" title=\"NH-Lehtima\u0308kiKesa\u0308_8\" onerror=\"this.style.display='none'\"  \/>\n\t<p>Kun kev\u00e4\u00e4ll\u00e4 2012 suomalainen toisen polven nuohooja Jouko Lehtim\u00e4ki kohtasi amerikkalaisen muurari Joel Georgen, tiesiv\u00e4t molemmat heti, ett\u00e4 ollaan jonkin uuden alussa. T\u00e4st\u00e4 hetkest\u00e4 alkoi vuosien tiivis yhteisty\u00f6 Rauman katoilla ja kodeissa, piippujen ja tulisijojen parissa. Ammatillinen yhteisty\u00f6 syveni nopeasti yst\u00e4vyydeksi.<\/p>\n<p>Er\u00e4\u00e4n\u00e4 p\u00e4iv\u00e4n\u00e4 idearikas George pohti nuohoojan ty\u00f6skentelev\u00e4n p\u00e4ivitt\u00e4in tulisijojen \u00e4\u00e4rell\u00e4 savun, noen ja tuhkan parissa, joten olisi luonnollista, ett\u00e4 nokipojalla olisi oma j\u00e4\u00e4tel\u00f6. Sekoitus makuja, joissa viileys ja l\u00e4mp\u00f6 kohtaisivat kielen p\u00e4\u00e4ll\u00e4. Ajatus tuntui alkuun suomalaisen nuohoojan mustan hatun alla varsin kummalliselta, jopa yliampuvalta, kunnes ajan ja amerikkalaisen muurarin sitkeyden my\u00f6t\u00e4 ly\u00f6tiin alkutahdit t\u00e4lle persoonalliselle j\u00e4lkiruoalle.<\/p>\n\t<p>Kymmenen vuotta yst\u00e4vysten ensitapaamisesta, vuonna 2022 syntyi alkuper\u00e4inen Nokipoika Original -maku. Valtavan suosion\u00a0 my\u00f6t\u00e4 Nokipoika-br\u00e4ndi l\u00e4hti laajenemaan ja her\u00e4tt\u00e4m\u00e4\u00e4n makuaisteja isoin lusikallisin. Ennakkoluulottoman kaksikon ja jo ensimm\u00e4isen Nokipoika-j\u00e4\u00e4tel\u00f6n toteuttaneen Karhulinnan J\u00e4\u00e4tel\u00f6n yhteisty\u00f6n\u00e4 syntyi vuonna 2023 kaksi uutta makua; Kuuma Pes\u00e4 ja Sutarin Suukko.<\/p>\n<p>Lopputuloksesta nautit nyt lautaseltasi &#8211; jokaisessa lusikallisessa kylm\u00e4 ja kuuma ly\u00f6v\u00e4t l\u00e4mpim\u00e4sti ja makeasti k\u00e4si\u00e4\u00e4n yhteen. Noki ei ole koskaan ennen maistunut n\u00e4in herkulliselta!<\/p>\n\t\t\t\t<img loading=\"lazy\" decoding=\"async\" src=\"https:\/\/nokipoika.com\/wp-content\/uploads\/2024\/06\/NH-LehtimakiKesa_10-1-scaled.jpg\" alt=\"NH-Lehtima\u0308kiKesa\u0308_10\" itemprop=\"image\" height=\"2560\" width=\"1707\" title=\"NH-Lehtima\u0308kiKesa\u0308_10\" onerror=\"this.style.display='none'\"  \/>\n\n","protected":false},"excerpt":{"rendered":"<p>Mieleen ja makuaistiin painuvat ideat vaativat synty\u00e4kseen oikean hetken ja oikean paikan sek\u00e4 samanmielisten innovatiivisten yst\u00e4vysten avoimen vuorovaikutuksen. N\u00e4ist\u00e4 aineksista on saanut alkunsa my\u00f6s ainutlaatuiset Nokipoika-j\u00e4\u00e4tel\u00f6t, joissa j\u00e4\u00e4n kylmyys ja liekkien kuumuus sulautuvat yhteen herkulliseksi hekumaksi. Kun kev\u00e4\u00e4ll\u00e4 2012 suomalainen toisen polven nuohooja Jouko Lehtim\u00e4ki kohtasi amerikkalaisen muurari Joel Georgen, tiesiv\u00e4t molemmat heti, ett\u00e4 ollaan&hellip;<\/p>\n","protected":false},"author":1,"featured_media":0,"parent":0,"menu_order":0,"comment_status":"closed","ping_status":"closed","template":"","meta":{"footnotes":""},"class_list":["post-44","page","type-page","status-publish","hentry"],"_links":{"self":[{"href":"https:\/\/nokipoika.com\/index.php?rest_route=\/wp\/v2\/pages\/44","targetHints":{"allow":["GET"]}}],"collection":[{"href":"https:\/\/nokipoika.com\/index.php?rest_route=\/wp\/v2\/pages"}],"about":[{"href":"https:\/\/nokipoika.com\/index.php?rest_route=\/wp\/v2\/types\/page"}],"author":[{"embeddable":true,"href":"https:\/\/nokipoika.com\/index.php?rest_route=\/wp\/v2\/users\/1"}],"replies":[{"embeddable":true,"href":"https:\/\/nokipoika.com\/index.php?rest_route=%2Fwp%2Fv2%2Fcomments&post=44"}],"version-history":[{"count":4,"href":"https:\/\/nokipoika.com\/index.php?rest_route=\/wp\/v2\/pages\/44\/revisions"}],"predecessor-version":[{"id":106,"href":"https:\/\/nokipoika.com\/index.php?rest_route=\/wp\/v2\/pages\/44\/revisions\/106"}],"wp:attachment":[{"href":"https:\/\/nokipoika.com\/index.php?rest_route=%2Fwp%2Fv2%2Fmedia&parent=44"}],"curies":[{"name":"wp","href":"https:\/\/api.w.org\/{rel}","templated":true}]}}