{"id":2,"date":"2024-04-26T13:13:39","date_gmt":"2024-04-26T13:13:39","guid":{"rendered":"https:\/\/nokipoika.com\/?page_id=2"},"modified":"2024-06-19T20:40:44","modified_gmt":"2024-06-19T20:40:44","slug":"etusivu","status":"publish","type":"page","link":"https:\/\/nokipoika.com\/","title":{"rendered":"Etusivu"},"content":{"rendered":"\n<h1>\n\t\tJ\u00c4\u00c4TEL\u00d6<br \/> ROHKEILLE <br \/>IHMISILLE\n\t<\/h1>\n\t\t\t\t<img loading=\"lazy\" decoding=\"async\" src=\"https:\/\/nokipoika.com\/wp-content\/uploads\/2024\/06\/Nokipoika_19-scaled.jpg\" alt=\"Nokipoika_19\" itemprop=\"image\" height=\"2048\" width=\"2560\" title=\"Nokipoika_19\" onerror=\"this.style.display='none'\"  \/>\n\t<h3>Rohkeat ihmiset uskaltavat tehd\u00e4 p\u00e4\u00e4t\u00f6ksi\u00e4, jotka tuovat iloa ja nautintoa el\u00e4m\u00e4\u00e4n.<\/h3>\n\t\t\t<a href=\"https:\/\/nokipoika.com\/?page_id=44\" target=\"_self\" rel=\"noopener\">\n\t\t\t\t\t\t\tTutustu Nokipojan tarinaan\n\t\t\t<\/a>\n<h2>\n\t\tT\u00e4\u00e4lt\u00e4 nokipoikaa saa\n\t<\/h2>\n<h2>\n\t\tT\u00e4lt\u00e4 nokipoika maistuu\n\t<\/h2>\n\n","protected":false},"excerpt":{"rendered":"<p>J\u00c4\u00c4TEL\u00d6 ROHKEILLE IHMISILLE Rohkeat ihmiset uskaltavat tehd\u00e4 p\u00e4\u00e4t\u00f6ksi\u00e4, jotka tuovat iloa ja nautintoa el\u00e4m\u00e4\u00e4n. Tutustu Nokipojan tarinaan T\u00e4\u00e4lt\u00e4 nokipoikaa saa T\u00e4lt\u00e4 nokipoika maistuu<\/p>\n","protected":false},"author":1,"featured_media":0,"parent":0,"menu_order":0,"comment_status":"closed","ping_status":"closed","template":"","meta":{"footnotes":""},"class_list":["post-2","page","type-page","status-publish","hentry"],"_links":{"self":[{"href":"https:\/\/nokipoika.com\/index.php?rest_route=\/wp\/v2\/pages\/2","targetHints":{"allow":["GET"]}}],"collection":[{"href":"https:\/\/nokipoika.com\/index.php?rest_route=\/wp\/v2\/pages"}],"about":[{"href":"https:\/\/nokipoika.com\/index.php?rest_route=\/wp\/v2\/types\/page"}],"author":[{"embeddable":true,"href":"https:\/\/nokipoika.com\/index.php?rest_route=\/wp\/v2\/users\/1"}],"replies":[{"embeddable":true,"href":"https:\/\/nokipoika.com\/index.php?rest_route=%2Fwp%2Fv2%2Fcomments&post=2"}],"version-history":[{"count":16,"href":"https:\/\/nokipoika.com\/index.php?rest_route=\/wp\/v2\/pages\/2\/revisions"}],"predecessor-version":[{"id":105,"href":"https:\/\/nokipoika.com\/index.php?rest_route=\/wp\/v2\/pages\/2\/revisions\/105"}],"wp:attachment":[{"href":"https:\/\/nokipoika.com\/index.php?rest_route=%2Fwp%2Fv2%2Fmedia&parent=2"}],"curies":[{"name":"wp","href":"https:\/\/api.w.org\/{rel}","templated":true}]}}